{"id":993,"date":"2019-01-30T21:50:33","date_gmt":"2019-01-30T18:50:33","guid":{"rendered":"http:\/\/refahiyesempozyumu.ebyu.edu.tr\/?page_id=993"},"modified":"2019-03-10T12:17:34","modified_gmt":"2019-03-10T09:17:34","slug":"bilim-kurulu","status":"publish","type":"page","link":"https:\/\/refahiyesempozyumu.ebyu.edu.tr\/index.php\/bilim-kurulu\/","title":{"rendered":"Bilim Kurulu"},"content":{"rendered":"<p><strong>Prof. Dr. Abdulkadir G\u00dcL (Erzincan Binali Y\u0131ld\u0131r\u0131m \u00dcniversitesi)<\/strong><\/p>\n<p><strong>Prof. Dr. Adem BA\u015eIB\u00dcY\u00dcK (Erzincan Binali Y\u0131ld\u0131r\u0131m \u00dcniversitesi)<\/strong><\/p>\n<p><strong>Prof. Dr. Adnan \u00d6ZEL (Erzincan Binali Y\u0131ld\u0131r\u0131m \u00dcniversitesi)<\/strong><\/p>\n<p><strong>Prof. Dr. Ahmet ERG\u00dcLEN (Necmettin Erbakan \u00dcniversitesi)<\/strong><\/p>\n<p><strong>Prof. Dr. Ahmet Olcay SA\u011eIRLI (\u0130stanbul \u00dcniversitesi)<\/strong><\/p>\n<p><strong>Prof. Dr. Ahmet TANDIRO\u011eLU (Erzincan Binali Y\u0131ld\u0131r\u0131m \u00dcniversitesi)<\/strong><\/p>\n<p><strong>Prof. Dr. Ahmet Vecdi CAN (Sakarya \u00dcniversitesi)<\/strong><\/p>\n<p><strong>Prof. Dr. Ali Ercan EK\u0130NC\u0130 (Erzincan Binali Y\u0131ld\u0131r\u0131m \u00dcniversitesi)<\/strong><\/p>\n<p><strong>Prof. Dr. Ali KANDEM\u0130R (Erzincan Binali Y\u0131ld\u0131r\u0131m \u00dcniversitesi)<\/strong><\/p>\n<p><strong>Prof. Dr. Ali PINAR (Bo\u011fazi\u00e7i \u00dcniversitesi)<\/strong><\/p>\n<p><strong>Prof. Dr. Ali YAMAN (Abant\u00a0\u0130zzet Baysal\u00a0\u00dcniversitesi)<\/strong><\/p>\n<p><strong>Prof. Dr. Alpaslan CEYLAN (Atat\u00fcrk \u00dcniversitesi)<\/strong><\/p>\n<p><strong>Prof. Dr. Alper ASLAN (Nev\u015fehir Hac\u0131 Bekta\u015f \u00dcniversitesi)<\/strong><\/p>\n<p><strong>Prof. Dr. Ayd\u0131n G\u00dcLAN (\u0130stanbul \u00dcniversitesi)<\/strong><\/p>\n<p><strong>Prof. Dr. Bahattin KO\u00c7 (Sabanc\u0131 \u00dcniversitesi)<\/strong><\/p>\n<p><strong>Prof. Dr. Bedriye TUN\u00c7S\u0130PER (\u0130zmir Demokrasi \u00dcniversitesi)<\/strong><\/p>\n<p><strong>Prof. Dr. B\u00fcnyamin AKDEM\u0130R (\u0130n\u00f6n\u00fc \u00dcniversitesi)<\/strong><\/p>\n<p><strong>Prof. Dr. Cem BAYGIN (Erzincan Binali Y\u0131ld\u0131r\u0131m \u00dcniversitesi)<\/strong><\/p>\n<p><strong>Prof. Dr. Cengiz ALYILMAZ (Uluda\u011f \u00dcniversitesi)<\/strong><\/p>\n<p><strong>Prof. Dr. \u00c7etin BEKTA\u015e (Tokat Gaziosmanpa\u015fa \u00dcniversitesi)<\/strong><\/p>\n<p><strong>Prof. Dr. Ercan BAYAZITLI (Ankara \u00dcniversitesi)<\/strong><\/p>\n<p><strong>Prof. Dr. Erdal AKPINAR (Erzincan Binali Y\u0131ld\u0131r\u0131m \u00dcniversitesi)<\/strong><\/p>\n<p><strong>Prof. Dr. Eren\u00a0Y\u00dcR\u00dcD\u00dcR (Gaziosmanpa\u015fa\u00a0\u00dcniversitesi)<\/strong><\/p>\n<p><strong>Prof. Dr. Erg\u00fcn K\u00d6RO\u011eLU (F\u0131rat \u00dcniversitesi)<\/strong><\/p>\n<p><strong>Prof. Dr. Ersan \u00c7\u0130FT\u00c7\u0130 (\u0130n\u00f6n\u00fc \u00dcniversitesi)<\/strong><\/p>\n<p><strong>Prof. Dr. Faruk G\u00dcRB\u00dcZ (Erzincan Binali Y\u0131ld\u0131r\u0131m \u00dcniversitesi)<\/strong><\/p>\n<p><strong>Prof. Dr. Fatma N\u00fckhet HOTAR (Dokuz Eyl\u00fcl \u00dcniversitesi)<\/strong><\/p>\n<p><strong>Prof. Dr. Fuat BAYRAM (Ada Kent \u00dcniversitesi)<\/strong><\/p>\n<p><strong>Prof. Dr. Ganite KURT (Ankara Hac\u0131 Bayram Veli \u00dcniversitesi)<\/strong><\/p>\n<p><strong>Prof. Dr. Gaye B\u0130ROL (\u0130zmir Demokrasi \u00dcniversitesi)<\/strong><\/p>\n<p><strong>Prof. Dr. G\u00fcrkan Sel\u00e7uk KUMBARO\u011eLU (Bo\u011fazi\u00e7i \u00dcniversitesi)<\/strong><\/p>\n<p><strong>Prof. Dr. Hakk\u0131 \u00a0YAZICI (Afyon Kocatepe \u00dcniversitesi)<\/strong><\/p>\n<p><strong>Prof. Dr. Halil KOCA (Atat\u00fcrk \u00dcniversitesi)<\/strong><\/p>\n<p><strong>Prof. Dr. Halit \u00c7AL (Ankara Hac\u0131 Bayram Veli \u00dcniversitesi)<\/strong><\/p>\n<p><strong>Prof. Dr. Haluk BENG\u00dc (Ni\u011fde \u00d6mer Halisdemir \u00dcniversitesi)<\/strong><\/p>\n<p><strong>Prof. Dr. H\u00fcseyin H\u00fcsn\u00fc BAHAR (Erzincan Binali Y\u0131ld\u0131r\u0131m \u00dcniversitesi)<\/strong><\/p>\n<p><strong>Prof. Dr. H\u00fcseyin YURTTA\u015e (Atat\u00fcrk \u00dcniversitesi)<\/strong><\/p>\n<p><strong>Prof. Dr. \u0130brahim Ethem ATNUR (Atat\u00fcrk \u00dcniversitesi)<\/strong><\/p>\n<p><strong>Prof. Dr. \u0130brahim Fevzi \u015eAH\u0130N (Atat\u00fcrk \u00dcniversitesi)<\/strong><\/p>\n<p><strong>Prof. Dr. \u0130brahim TEK\u0130N (Sabanc\u0131 \u00dcniversitesi)<\/strong><\/p>\n<p><strong>Prof. Dr. \u0130hsan FAZLIO\u011eLU (\u0130stanbul Medeniyet \u00dcniversitesi)<\/strong><\/p>\n<p><strong>Prof. Dr. Kemaleddin TA\u015e (S\u00fcleyman Demirel \u00dcniversitesi)<\/strong><\/p>\n<p><strong>Prof. Dr. Kenan Ziya TA\u015e (Bal\u0131kesir \u00dcniversitesi)<\/strong><\/p>\n<p><strong>Prof. Dr. M. Ba\u015faran \u00d6ZT\u00dcRK (Ni\u011fde \u00d6mer Halisdemir \u00dcniversitesi)<\/strong><\/p>\n<p><strong>Prof. Dr. Mehmet BARCA (Ankara Sosyal Bilimler \u00dcniversitesi)<\/strong><\/p>\n<p><strong>Prof. Dr. Mehmet KARAOSMANO\u011eLU (Atat\u00fcrk \u00dcniversitesi)<\/strong><\/p>\n<p><strong>Prof. Dr. Mehmed KAVUK\u00c7U (Atat\u00fcrk \u00dcniversitesi)<\/strong><\/p>\n<p><strong>Prof. Dr. Murat N\u0130\u015eANCI (Erzincan Binali Y\u0131ld\u0131r\u0131m \u00dcniversitesi)<\/strong><\/p>\n<p><strong>Prof. Dr. Mustafa ALICI (Erzincan Binali Y\u0131ld\u0131r\u0131m \u00dcniversitesi)<\/strong><\/p>\n<p><strong>Prof. Dr. Mustafa Fatih ERTUGAY (Erzincan Binali Y\u0131ld\u0131r\u0131m \u00dcniversitesi)<\/strong><\/p>\n<p><strong>Prof. Dr. Mustafa M\u0130YNAT (Manisa Celal Bayar \u00dcniversitesi)<\/strong><\/p>\n<p><strong>Prof. Dr. Mustafa \u00d6ZT\u00dcRK (\u0130zmir Demokrasi \u00dcniversitesi)<\/strong><\/p>\n<p><strong>Prof. Dr. Mustafa TAN (Atat\u00fcrk \u00dcniversitesi)<\/strong><\/p>\n<p><strong>Prof. Dr. M\u00fccahit KA\u011eAN (Erzincan Binali Y\u0131ld\u0131r\u0131m \u00dcniversitesi)<\/strong><\/p>\n<p><strong>Prof. Dr. Nazir DUMANLI (F\u0131rat \u00dcniversitesi)<\/strong><\/p>\n<p><strong>Prof. Dr. Necati Fahri TA\u015e (Erzincan Binali Y\u0131ld\u0131r\u0131m \u00dcniversitesi)<\/strong><\/p>\n<p><strong>Prof. Dr. Nejat BOZKURT (Marmara \u00dcniversitesi)<\/strong><\/p>\n<p><strong>Prof. Dr. O\u011fuz Cem \u00c7EL\u0130K (\u0130stanbul Teknik \u00dcniversitesi)<\/strong><\/p>\n<p><strong>Prof. Dr. O\u011fuzhan \u00d6ZCAN (Ko\u00e7 \u00dcniversitesi)<\/strong><\/p>\n<p><strong>Prof. Dr. Orhan AKTEPE (Erzincan Binali Y\u0131ld\u0131r\u0131m \u00dcniversitesi)<\/strong><\/p>\n<p><strong>Prof. Dr. Orhan \u00c7EL\u0130K (Ankara \u00dcniversitesi)<\/strong><\/p>\n<p><strong>Prof. Dr. Rabia HACIHASANO\u011eLU A\u015eILAR (Erzincan Binali Y\u0131ld\u0131r\u0131m \u00dcniversitesi)<\/strong><\/p>\n<p><strong>Prof. Dr. Recep POLAT (Erzincan Binali Y\u0131ld\u0131r\u0131m \u00dcniversitesi)<\/strong><\/p>\n<p><strong>Prof. Dr. Saibe OKTAY \u00d6ZDEM\u0130R (\u0130stanbul \u00dcniversitesi)<\/strong><\/p>\n<p><strong>Prof. Dr. Saime \u00d6NCE (Anadolu \u00dcniversitesi)<\/strong><\/p>\n<p><strong>Prof. Dr. Sait G\u00dcRB\u00dcZ (Ankara Sosyal Bilimler \u00dcniversitesi)<\/strong><\/p>\n<p><strong>Prof. Dr. Seyfi YILDIZ (K\u0131r\u0131kkale \u00dcniversitesi)<\/strong><\/p>\n<p><strong>Prof. Dr. Sezai ERC\u0130\u015eL\u0130 (Atat\u00fcrk \u00dcniversitesi)<\/strong><\/p>\n<p><strong>Prof. Dr. S\u00f6nmez KUTLU (Ankara \u00dcniversitesi)<\/strong><\/p>\n<p><strong>Prof. Dr. Suat YILDIRIM (Erzincan Binali Y\u0131ld\u0131r\u0131m \u00dcniversitesi)<\/strong><\/p>\n<p><strong>Prof. Dr. S\u00fcleyman Y\u00dcK\u00c7\u00dc (Dokuz Eyl\u00fcl \u00dcniversitesi)<\/strong><\/p>\n<p><strong>Prof. Dr. Tu\u011frul ATASOY (B\u00fclent Ecevit \u00dcniversitesi)<\/strong><\/p>\n<p><strong>Prof. Dr. Turgut KARABEY (Erzincan Binali Y\u0131ld\u0131r\u0131m \u00dcniversitesi)<\/strong><\/p>\n<p><strong>Prof. Dr. \u00dcmm\u00fchan ASLAN (Bilecik \u015eeyh Edebali \u00dcniversitesi)<\/strong><\/p>\n<p><strong>Do\u00e7. Dr. Abdullah ARSLAN (Erzincan Binali Y\u0131ld\u0131r\u0131m \u00dcniversitesi)<\/strong><\/p>\n<p><strong>Do\u00e7. Dr. Ahmet SA\u011eIRLI (Y\u0131ld\u0131z Teknik \u00dcniversitesi)<\/strong><\/p>\n<p><strong>Do\u00e7. Dr. Bur\u00e7in BOZDO\u011eANO\u011eLU (Band\u0131rma Onyedi Eyl\u00fcl \u00dcniversitesi)<\/strong><\/p>\n<p><strong>Do\u00e7. Dr. Cemil ERARSLAN (Yalova \u00dcniversitesi)<\/strong><\/p>\n<p><strong>Do\u00e7. Dr. Cengiz DURAN (Dumlup\u0131nar \u00dcniversitesi)<\/strong><\/p>\n<p><strong>Do\u00e7. Dr. Davut AYG\u00dcN (Recep Tayyip Erdo\u011fan \u00dcniversitesi)<\/strong><\/p>\n<p><strong>Do\u00e7. Dr. Duygu KIZILDA\u011e (\u0130zmir Demokrasi \u00dcniversitesi)<\/strong><\/p>\n<p><strong>Do\u00e7. Dr. Erdem YAVUZ (Erzincan Binali Y\u0131ld\u0131r\u0131m \u00dcniversitesi)<\/strong><\/p>\n<p><strong>Do\u00e7. Dr. Faysal Okan ATASOY (Erzincan Binali Y\u0131ld\u0131r\u0131m \u00dcniversitesi)<\/strong><\/p>\n<p><strong>Do\u00e7. Dr. Fikret G\u00dcLA\u00c7TI (Erzincan Binali Y\u0131ld\u0131r\u0131m \u00dcniversitesi)<\/strong><\/p>\n<p><strong>Do\u00e7. Dr. \u0130brahim AKSU (\u0130n\u00f6n\u00fc \u00dcniversitesi)<\/strong><\/p>\n<p><strong>Do\u00e7. Dr. \u0130brahim \u00dcNG\u00d6R (Erzincan Binali Y\u0131ld\u0131r\u0131m \u00dcniversitesi)<\/strong><\/p>\n<p><strong>Do\u00e7. Dr. \u0130dris VARICI (Ondokuz May\u0131s \u00dcniversitesi)<\/strong><\/p>\n<p><strong>Do\u00e7. Dr. Mehmet KARATA\u015e (Gaziosmanpa\u015fa \u00dcniversitesi)<\/strong><\/p>\n<p><strong>Do\u00e7. Dr. Mustafa BEYAZIT (Pamukkale \u00dcniversitesi)<\/strong><\/p>\n<p><strong>Do\u00e7. Dr. Mustafa KORKMAZ (Erzincan Binali Y\u0131ld\u0131r\u0131m \u00dcniversitesi)<\/strong><\/p>\n<p><strong>Do\u00e7. Dr. Necdet TOZLU (Erzincan Binali Y\u0131ld\u0131r\u0131m \u00dcniversitesi)<\/strong><\/p>\n<p><strong>Do\u00e7. Dr. Osman TA\u015eTEK\u0130N (Erzincan Binali Y\u0131ld\u0131r\u0131m \u00dcniversitesi)<\/strong><\/p>\n<p><strong>Do\u00e7. Dr. Sad\u0131k T\u00dcRKO\u011eLU (Atat\u00fcrk \u00dcniversitesi)<\/strong><\/p>\n<p><strong>Do\u00e7. Dr. Sebahattin YILDIZ (Kafkas \u00dcniversitesi)<\/strong><\/p>\n<p><strong>Do\u00e7. Dr. \u015eeng\u00fcl ANAG\u00dcN (Eski\u015fehir Osmangazi \u00dcniversitesi)<\/strong><\/p>\n<p><strong>Do\u00e7. Dr. Vehbi Aytekin SANALAN (Erzincan Binali Y\u0131ld\u0131r\u0131m \u00dcniversitesi)<\/strong><\/p>\n<p><strong>Do\u00e7. Dr. Yener ATASEVEN (Ankara \u00dcniversitesi)<\/strong><\/p>\n<p><strong>Dr. \u00d6\u011fr. \u00dcyesi Ahmet TERZ\u0130O\u011eLU (Erzincan Binali Y\u0131ld\u0131r\u0131m \u00dcniversitesi)<\/strong><\/p>\n<p><strong>Dr. \u00d6\u011fr. \u00dcyesi Alparslan KARTAL (Kafkas \u00dcniversitesi)<\/strong><\/p>\n<p><strong>Dr. \u00d6\u011fr. \u00dcyesi Arzu G\u00dcNC\u00dc (Erzincan Binali Y\u0131ld\u0131r\u0131m \u00dcniversitesi)<\/strong><\/p>\n<p><strong>Dr. \u00d6\u011fr. \u00dcyesi Bar\u0131\u015f ALPASLAN (Ankara Sosyal Bilimler \u00dcniversitesi)<\/strong><\/p>\n<p><strong>Dr. \u00d6\u011fr. \u00dcyesi Ebru ARICIO\u011eLU (Mersin \u00dcniversitesi)<\/strong><\/p>\n<p><strong>Dr. \u00d6\u011fr. \u00dcyesi Ebru G\u00dcLER (Erzincan Binali Y\u0131ld\u0131r\u0131m \u00dcniversitesi)<\/strong><\/p>\n<p><strong>Dr. \u00d6\u011fr. \u00dcyesi Elif BULUT (Ondokuz May\u0131s \u00dcniversitesi)<\/strong><\/p>\n<p><strong>Dr. \u00d6\u011fr. \u00dcyesi Funda NALDAN C\u0130M\u0130NL\u0130 (Erzincan Binali Y\u0131ld\u0131r\u0131m \u00dcniversitesi)<\/strong><\/p>\n<p><strong>Dr. \u00d6\u011fr. \u00dcyesi G\u00fcl\u00e7in MUTLU (\u0130zmir Demokrasi \u00dcniversitesi)<\/strong><\/p>\n<p><strong>Dr. \u00d6\u011fr. \u00dcyesi G\u00fclin ERDEM \u00d6ZT\u00dcRK (Ni\u011fde \u00d6mer Halisdemir \u00dcniversitesi)<\/strong><\/p>\n<p><strong>Dr. \u00d6\u011fr. \u00dcyesi Halim Ferit BAYATA (Erzincan Binali Y\u0131ld\u0131r\u0131m \u00dcniversitesi)<\/strong><\/p>\n<p><strong>Dr. \u00d6\u011fr. \u00dcyesi H\u00fcseyin \u00d6ZN\u00dcL\u00dcER (Erzincan Binali Y\u0131ld\u0131r\u0131m \u00dcniversitesi)<\/strong><\/p>\n<p><strong>Dr. \u00d6\u011fr. \u00dcyesi H\u00fcsrev AKIN (Erzincan Binali Y\u0131ld\u0131r\u0131m \u00dcniversitesi)<\/strong><\/p>\n<p><strong>Dr. \u00d6\u011fr. \u00dcyesi \u0130smet ULUSU (Erzincan Binali Y\u0131ld\u0131r\u0131m \u00dcniversitesi)<\/strong><\/p>\n<p><strong>Dr. \u00d6\u011fr. \u00dcyesi Mehmet YAZICI (Erzincan Binali Y\u0131ld\u0131r\u0131m \u00dcniversitesi)<\/strong><\/p>\n<p><strong>Dr. \u00d6\u011fr. \u00dcyesi Muhittin SA\u011eIRLI (\u0130stanbul \u00dcniversitesi)<\/strong><\/p>\n<p><strong>Dr. \u00d6\u011fr. \u00dcyesi Mustafa Samet ALTINB\u0130LEK (Erzincan Binali Y\u0131ld\u0131r\u0131m \u00dcniversitesi)<\/strong><\/p>\n<p><strong>Dr. \u00d6\u011fr. \u00dcyesi O\u011fuz KO\u00c7Y\u0130\u011e\u0130T (\u00c7anakkale Onsekiz Mart \u00dcniversitesi)<\/strong><\/p>\n<p><strong>Dr. \u00d6\u011fr. \u00dcyesi Ruhi KARA (Erzincan Binali Y\u0131ld\u0131r\u0131m \u00dcniversitesi)<\/strong><\/p>\n<p><strong>Dr. \u00d6\u011fr. \u00dcyesi Salih BATAL (Yalova \u00dcniversitesi)<\/strong><\/p>\n<p><strong>Dr. \u00d6\u011fr. \u00dcyesi Sel\u00e7uk HAYL\u0130 (F\u0131rat \u00dcniversitesi)<\/strong><\/p>\n<p><strong>Dr. \u00d6\u011fr. \u00dcyesi Selma TA\u015eKESEN (Erzincan Binali Y\u0131ld\u0131r\u0131m \u00dcniversitesi)<\/strong><\/p>\n<p><strong>Dr. \u00d6\u011fr. \u00dcyesi Tahir Erdo\u011fan \u015eAH\u0130N\u00a0\u00a0\u00a0\u00a0\u00a0\u00a0\u00a0<\/strong><\/p>\n<p><strong>Dr. \u00d6\u011fr. \u00dcyesi Yasemin G\u00dcL (Erzincan Binali Y\u0131ld\u0131r\u0131m \u00dcniversitesi)<\/strong><\/p>\n","protected":false},"excerpt":{"rendered":"<p>Prof. Dr. Abdulkadir G\u00dcL (Erzincan Binali Y\u0131ld\u0131r\u0131m \u00dcniversitesi) Prof. Dr. Adem BA\u015eIB\u00dcY\u00dcK (Erzincan Binali Y\u0131ld\u0131r\u0131m \u00dcniversitesi) Prof. Dr. Adnan \u00d6ZEL (Erzincan Binali Y\u0131ld\u0131r\u0131m \u00dcniversitesi) Prof. Dr. Ahmet ERG\u00dcLEN (Necmettin Erbakan \u00dcniversitesi) Prof. Dr. Ahmet Olcay SA\u011eIRLI (\u0130stanbul \u00dcniversitesi) Prof. Dr. Ahmet TANDIRO\u011eLU (Erzincan Binali Y\u0131ld\u0131r\u0131m \u00dcniversitesi) Prof. Dr. Ahmet Vecdi CAN (Sakarya \u00dcniversitesi) Prof. Dr. [&hellip;]<\/p>\n","protected":false},"author":2,"featured_media":0,"parent":0,"menu_order":0,"comment_status":"closed","ping_status":"closed","template":"","meta":{"_et_pb_use_builder":"","_et_pb_old_content":"","_et_gb_content_width":""},"_links":{"self":[{"href":"https:\/\/refahiyesempozyumu.ebyu.edu.tr\/index.php\/wp-json\/wp\/v2\/pages\/993"}],"collection":[{"href":"https:\/\/refahiyesempozyumu.ebyu.edu.tr\/index.php\/wp-json\/wp\/v2\/pages"}],"about":[{"href":"https:\/\/refahiyesempozyumu.ebyu.edu.tr\/index.php\/wp-json\/wp\/v2\/types\/page"}],"author":[{"embeddable":true,"href":"https:\/\/refahiyesempozyumu.ebyu.edu.tr\/index.php\/wp-json\/wp\/v2\/users\/2"}],"replies":[{"embeddable":true,"href":"https:\/\/refahiyesempozyumu.ebyu.edu.tr\/index.php\/wp-json\/wp\/v2\/comments?post=993"}],"version-history":[{"count":22,"href":"https:\/\/refahiyesempozyumu.ebyu.edu.tr\/index.php\/wp-json\/wp\/v2\/pages\/993\/revisions"}],"predecessor-version":[{"id":1181,"href":"https:\/\/refahiyesempozyumu.ebyu.edu.tr\/index.php\/wp-json\/wp\/v2\/pages\/993\/revisions\/1181"}],"wp:attachment":[{"href":"https:\/\/refahiyesempozyumu.ebyu.edu.tr\/index.php\/wp-json\/wp\/v2\/media?parent=993"}],"curies":[{"name":"wp","href":"https:\/\/api.w.org\/{rel}","templated":true}]}}