{"id":986,"date":"2019-01-25T17:58:56","date_gmt":"2019-01-25T14:58:56","guid":{"rendered":"http:\/\/refahiyesempozyumu.ebyu.edu.tr\/?page_id=986"},"modified":"2019-01-25T17:59:22","modified_gmt":"2019-01-25T14:59:22","slug":"refahiyeli-bilim-insanlarimiz","status":"publish","type":"page","link":"https:\/\/refahiyesempozyumu.ebyu.edu.tr\/index.php\/refahiyeli-bilim-insanlarimiz\/","title":{"rendered":"Refahiyeli Bilim \u0130nsanlar\u0131m\u0131z"},"content":{"rendered":"<p><strong>Prof. Dr. <a href=\"http:\/\/aves.istanbul.edu.tr\/osagirli\/kimlik\" target=\"_blank\" rel=\"noopener\">Ahmet Olcay SA\u011eIRLI<\/a> (\u0130stanbul \u00dcniversitesi)<\/strong><\/p>\n<p><strong>Prof. Dr. <a href=\"http:\/\/aves.erzincan.edu.tr\/atandiroglu\/\" target=\"_blank\" rel=\"noopener\">Ahmet TANDIRO\u011eLU<\/a> (Erzincan Binali Y\u0131ld\u0131r\u0131m \u00dcniversitesi)<\/strong><\/p>\n<p><strong>Prof. Dr. <a href=\"http:\/\/aves.istanbul.edu.tr\/aydingulan\/\" target=\"_blank\" rel=\"noopener\">Ayd\u0131n G\u00dcLAN<\/a> (\u0130stanbul \u00dcniversitesi)<\/strong><\/p>\n<p><strong>Prof. Dr. <a href=\"http:\/\/myweb.sabanciuniv.edu\/bahattinkoc\/\" target=\"_blank\" rel=\"noopener\">Bahattin KO\u00c7<\/a> (Sabanc\u0131 \u00dcniversitesi)<\/strong><\/p>\n<p><strong>Prof. Dr. <a href=\"http:\/\/abys.marmara.edu.tr\/birsen.guzel\/\" target=\"_blank\" rel=\"noopener\">Birsen G\u00dcZEL<\/a> (Marmara \u00dcniversitesi)<\/strong><\/p>\n<p><strong>Prof. Dr. <a href=\"https:\/\/www.gop.edu.tr\/AkademikOzgecmis\/2155\/cetin-bektas\" target=\"_blank\" rel=\"noopener\">\u00c7etin BEKTA\u015e<\/a> (Tokat Gaziosmanpa\u015fa \u00dcniversitesi)<\/strong><\/p>\n<p><strong>Prof. Dr. <a href=\"http:\/\/www.ekrembugraekinci.com\/\" target=\"_blank\" rel=\"noopener\">Ekrem Bu\u011fra EK\u0130NC\u0130<\/a> (Marmara \u00dcniversitesi)<\/strong><\/p>\n<p><strong>Prof. Dr. Ercan BAYAZITLI (Ankara \u00dcniversitesi)<\/strong><\/p>\n<p><strong>Prof. Dr. <a href=\"https:\/\/abs.firat.edu.tr\/ekoroglu\" target=\"_blank\" rel=\"noopener\">Erg\u00fcn K\u00d6RO\u011eLU<\/a> (F\u0131rat \u00dcniversitesi)<\/strong><\/p>\n<p><strong>Prof. Dr. <a href=\"http:\/\/avesis.inonu.edu.tr\/ersan.ciftci\/\" target=\"_blank\" rel=\"noopener\">Ersan \u00c7\u0130FT\u00c7\u0130<\/a> (\u0130n\u00f6n\u00fc \u00dcniversitesi)<\/strong><\/p>\n<p><strong>Prof. Dr. Fuat BAYRAM (Ada Kent \u00dcniversitesi)<\/strong><\/p>\n<p><strong>Prof. Dr. G\u00fcrkan Sel\u00e7uk KUMBARO\u011eLU (Bo\u011fazi\u00e7i \u00dcniversitesi)<\/strong><\/p>\n<p><strong>Prof. Dr. <a href=\"https:\/\/atauni.edu.tr\/ibrahim-fevzi-sahin\" target=\"_blank\" rel=\"noopener\">\u0130brahim Fevzi \u015eAH\u0130N<\/a> (Atat\u00fcrk \u00dcniversitesi)<\/strong><\/p>\n<p><strong>Prof. Dr. <a href=\"https:\/\/fens.sabanciuniv.edu\/tr\/faculty-members\/detail\/340\" target=\"_blank\" rel=\"noopener\">\u0130brahim TEK\u0130N<\/a> (Sabanc\u0131 \u00dcniversitesi)<\/strong><\/p>\n<p><strong>Prof. Dr. <a href=\"http:\/\/avesis.yildiz.edu.tr\/coskun\/\" target=\"_blank\" rel=\"noopener\">\u0130rfan CO\u015eKUN<\/a> (Y\u0131ld\u0131z Teknik \u00dcniversitesi)<\/strong><\/p>\n<p><strong>Prof. Dr. <a href=\"https:\/\/w3.sdu.edu.tr\/personel\/03190\/prof-dr-kemaleddin-tas\" target=\"_blank\" rel=\"noopener\">Kemaleddin TA\u015e<\/a> (S\u00fcleyman Demirel \u00dcniversitesi)<\/strong><\/p>\n<p><strong>Prof. Dr. Muhlis KOCA<\/strong><\/p>\n<p><strong>Prof. Dr. <a href=\"https:\/\/abs.firat.edu.tr\/ndumanli\" target=\"_blank\" rel=\"noopener\">Nazir DUMANLI<\/a> (F\u0131rat \u00dcniversitesi)<\/strong><\/p>\n<p><strong>Prof. Dr. <a href=\"http:\/\/aves.erzincan.edu.tr\/nfatas\/\" target=\"_blank\" rel=\"noopener\">Necati Fahri TA\u015e<\/a> (Erzincan Binali Y\u0131ld\u0131r\u0131m \u00dcniversitesi)<\/strong><\/p>\n<p><strong>Prof. Dr. O\u011fuz Cem \u00c7EL\u0130K (\u0130stanbul Teknik \u00dcniversitesi)<\/strong><\/p>\n<p><strong>Prof. Dr. <a href=\"https:\/\/cssh.ku.edu.tr\/ekibimiz\/personel-detay\/?user=oozcan\" target=\"_blank\" rel=\"noopener\">O\u011fuzhan \u00d6ZCAN<\/a> (Ko\u00e7 \u00dcniversitesi)<\/strong><\/p>\n<p><strong>Prof. Dr. O\u011fuzhan YILMAZ (Gazi \u00dcniversitesi)<\/strong><\/p>\n<p><strong>Prof. Dr. <a href=\"http:\/\/aves.istanbul.edu.tr\/soktay\/\" target=\"_blank\" rel=\"noopener\">Saibe OKTAY \u00d6ZDEM\u0130R<\/a> (\u0130stanbul \u00dcniversitesi)<\/strong><\/p>\n<p><strong>Prof. Dr. <a href=\"https:\/\/aves.asbu.edu.tr\/sait.gurbuz\/\" target=\"_blank\" rel=\"noopener\">Sait G\u00dcRB\u00dcZ<\/a> (Ankara Sosyal Bilimler \u00dcniversitesi)<\/strong><\/p>\n<p><strong>Prof. Dr. S\u00f6nmez KUTLU (Ankara \u00dcniversitesi)<\/strong><\/p>\n<p><strong>Prof. Dr. Tuna TU\u011eCU (Bo\u011fazi\u00e7i \u00dcniversitesi)<\/strong><\/p>\n<p><strong>Do\u00e7. Dr. <a href=\"http:\/\/avesis.yildiz.edu.tr\/sagirli\/\" target=\"_blank\" rel=\"noopener\">Ahmet SA\u011eIRLI<\/a> (Y\u0131ld\u0131z Teknik \u00dcniversitesi)<\/strong><\/p>\n<p><strong>Do\u00e7. Dr. Cemil ERARSLAN (Yalova \u00dcniversitesi)<\/strong><\/p>\n<p><strong>Do\u00e7. Dr. <a href=\"http:\/\/www.mersin.edu.tr\/akademik\/egitim-fakultesi\/ogretim-elemanlari\/esmakadizade\" target=\"_blank\" rel=\"noopener\">Esma DUMANLI KADIZADE<\/a> (Mersin \u00dcniversitesi)<\/strong><\/p>\n<p><strong>Do\u00e7. Dr. Mustafa BEYAZIT (Pamukkale \u00dcniversitesi)<\/strong><\/p>\n<p><strong>Do\u00e7. Dr. <a href=\"https:\/\/atauni.edu.tr\/sadik-turkoglu\" target=\"_blank\" rel=\"noopener\">Sad\u0131k T\u00dcRKO\u011eLU<\/a> (Atat\u00fcrk \u00dcniversitesi)<\/strong><\/p>\n<p><strong>Dr. \u00d6\u011fr. \u00dcyesi Egemen \u00c7a\u011fr\u0131 MIZRAK (Tekirda\u011f Nam\u0131k Kemal \u00dcniversitesi)<\/strong><\/p>\n<p><strong>Dr. \u00d6\u011fr. \u00dcyesi <a href=\"http:\/\/www.bingol.edu.tr\/tr\/akademik-personel\/bdadbc76-858c-41e7-9803-0981b90b4e0c\" target=\"_blank\" rel=\"noopener\">Harun Kaya KES\u0130K<\/a> (Bing\u00f6l \u00dcniversitesi)<\/strong><\/p>\n<p><strong>Dr. \u00d6\u011fr. \u00dcyesi <a href=\"http:\/\/aves.istanbul.edu.tr\/47344\/\" target=\"_blank\" rel=\"noopener\">Muhittin SA\u011eIRLI<\/a> (\u0130stanbul \u00dcniversitesi)<\/strong><\/p>\n<p><strong>Dr. \u00d6\u011fr. \u00dcyesi <a href=\"https:\/\/bayburt.edu.tr\/tr\/metin-yurtbasi\" target=\"_blank\" rel=\"noopener\">Metin YURTBA\u015eI<\/a> (Bayburt \u00dcniversitesi)<\/strong><\/p>\n<p><strong>Dr. \u00d6\u011fr. \u00dcyesi <a href=\"http:\/\/aves.comu.edu.tr\/417\/cv\" target=\"_blank\" rel=\"noopener\">O\u011fuz KO\u00c7Y\u0130\u011e\u0130T<\/a> (\u00c7anakkale Onsekiz Mart \u00dcniversitesi)<\/strong><\/p>\n<p><strong>Dr. \u00d6\u011fr. \u00dcyesi <a href=\"https:\/\/www.artvin.edu.tr\/perincek-seckinozan-seker\" target=\"_blank\" rel=\"noopener\">Perin\u00e7ek Se\u00e7kinozan \u015eEKER<\/a> (Artvin \u00c7oruh \u00dcniversitesi)<\/strong><\/p>\n<p><strong>Dr. \u00d6\u011fr. \u00dcyesi Salih BATAL (Yalova \u00dcniversitesi)<\/strong><\/p>\n<p><strong>Dr. \u00d6\u011fr. \u00dcyesi <a href=\"https:\/\/ee.boun.edu.tr\/sema-dumanli-oktar\" target=\"_blank\" rel=\"noopener\">Sema DUMANLI OKTAR<\/a> (Bo\u011fazi\u00e7i \u00dcniversitesi)<\/strong><\/p>\n<p><strong>Dr. \u00d6\u011fr. \u00dcyesi <a href=\"http:\/\/akbis.adu.edu.tr\/personelcv.asp?RegKey=A-2086\" target=\"_blank\" rel=\"noopener\">Serdar \u00c7\u0130FT\u00c7\u0130<\/a> (Ayd\u0131n Adnan Menderes \u00dcniversitesi)<\/strong><\/p>\n<p><strong>Dr. \u00d6\u011fr. \u00dcyesi \u015eevket KADIO\u011eLU (Pamukkale \u00dcniversitesi)<\/strong><\/p>\n<p><strong>Dr. \u00d6\u011fr. \u00dcyesi <a href=\"http:\/\/refahiyesempozyumu.ebyu.edu.tr\/wp-content\/uploads\/2018\/12\/TAH\u0130R-ERDO\u011eAN-\u015eAH\u0130N.pdf\" target=\"_blank\" rel=\"noopener\">Tahir Erdo\u011fan \u015eAH\u0130N<\/a><\/strong><\/p>\n<p><strong>Dr. \u00d6\u011fr. \u00dcyesi <a href=\"https:\/\/scholar.google.com\/citations?user=2u0WsnQAAAAJ&amp;hl=tr\" target=\"_blank\" rel=\"noopener\">Urartu \u00d6zg\u00fcr \u015eafak \u015eEKER<\/a> (Bilkent \u00dcniversitesi)<\/strong><\/p>\n<p><strong>Ar\u015f. G\u00f6r. <a href=\"http:\/\/aves.erzincan.edu.tr\/hasan.ekinci\/\" target=\"_blank\" rel=\"noopener\">Hasan Bu\u011fra EK\u0130NC\u0130<\/a> (Erzincan Binali Y\u0131ld\u0131r\u0131m \u00dcniversitesi)<\/strong><\/p>\n<p><strong>Ar\u015f. G\u00f6r. H\u00fcmeyra YA\u015eAR K\u00d6STEK (Trakya \u00dcniversitesi)<\/strong><\/p>\n<p><strong>Ar\u015f. G\u00f6r. Mehmet ARSLANO\u011eLU (Yalova \u00dcniversitesi)<\/strong><\/p>\n<p><strong>Ar\u015f. G\u00f6r. Osman K\u00d6STEK (Trakya \u00dcniversitesi)<\/strong><\/p>\n<p><strong>Ar\u015f. G\u00f6r. Ufuk DEM\u0130RKAN (Yalova \u00dcniversitesi)<\/strong><\/p>\n","protected":false},"excerpt":{"rendered":"<p>Prof. Dr. Ahmet Olcay SA\u011eIRLI (\u0130stanbul \u00dcniversitesi) Prof. Dr. Ahmet TANDIRO\u011eLU (Erzincan Binali Y\u0131ld\u0131r\u0131m \u00dcniversitesi) Prof. Dr. Ayd\u0131n G\u00dcLAN (\u0130stanbul \u00dcniversitesi) Prof. Dr. Bahattin KO\u00c7 (Sabanc\u0131 \u00dcniversitesi) Prof. Dr. Birsen G\u00dcZEL (Marmara \u00dcniversitesi) Prof. Dr. \u00c7etin BEKTA\u015e (Tokat Gaziosmanpa\u015fa \u00dcniversitesi) Prof. Dr. Ekrem Bu\u011fra EK\u0130NC\u0130 (Marmara \u00dcniversitesi) Prof. Dr. Ercan BAYAZITLI (Ankara \u00dcniversitesi) Prof. Dr. [&hellip;]<\/p>\n","protected":false},"author":2,"featured_media":0,"parent":0,"menu_order":0,"comment_status":"closed","ping_status":"closed","template":"","meta":{"_et_pb_use_builder":"","_et_pb_old_content":"","_et_gb_content_width":""},"_links":{"self":[{"href":"https:\/\/refahiyesempozyumu.ebyu.edu.tr\/index.php\/wp-json\/wp\/v2\/pages\/986"}],"collection":[{"href":"https:\/\/refahiyesempozyumu.ebyu.edu.tr\/index.php\/wp-json\/wp\/v2\/pages"}],"about":[{"href":"https:\/\/refahiyesempozyumu.ebyu.edu.tr\/index.php\/wp-json\/wp\/v2\/types\/page"}],"author":[{"embeddable":true,"href":"https:\/\/refahiyesempozyumu.ebyu.edu.tr\/index.php\/wp-json\/wp\/v2\/users\/2"}],"replies":[{"embeddable":true,"href":"https:\/\/refahiyesempozyumu.ebyu.edu.tr\/index.php\/wp-json\/wp\/v2\/comments?post=986"}],"version-history":[{"count":18,"href":"https:\/\/refahiyesempozyumu.ebyu.edu.tr\/index.php\/wp-json\/wp\/v2\/pages\/986\/revisions"}],"predecessor-version":[{"id":1066,"href":"https:\/\/refahiyesempozyumu.ebyu.edu.tr\/index.php\/wp-json\/wp\/v2\/pages\/986\/revisions\/1066"}],"wp:attachment":[{"href":"https:\/\/refahiyesempozyumu.ebyu.edu.tr\/index.php\/wp-json\/wp\/v2\/media?parent=986"}],"curies":[{"name":"wp","href":"https:\/\/api.w.org\/{rel}","templated":true}]}}