{"id":977,"date":"2018-12-20T17:00:12","date_gmt":"2018-12-20T14:00:12","guid":{"rendered":"http:\/\/refahiyesempozyumu.ebyu.edu.tr\/?page_id=977"},"modified":"2018-12-20T17:01:08","modified_gmt":"2018-12-20T14:01:08","slug":"onur-kurulu","status":"publish","type":"page","link":"https:\/\/refahiyesempozyumu.ebyu.edu.tr\/index.php\/gizlilik-politikasi\/onur-kurulu\/","title":{"rendered":"Onur Kurulu"},"content":{"rendered":"<h4><\/h4>\n<h4><strong>Ali ARSLANTA\u015e\u00a0<\/strong><\/h4>\n<h4>Erzincan Valisi<\/h4>\n<h4><strong>Prof. Dr. Ak\u0131n LEVENT<\/strong><\/h4>\n<h4>Erzincan Binali Y\u0131ld\u0131r\u0131m \u00dcniversitesi Rekt\u00f6r\u00fc<\/h4>\n<h4><strong>Hatice BAYAR \u00d6ZDEM\u0130R<\/strong><\/h4>\n<h4>Refahiye Kaymakam\u0131<\/h4>\n","protected":false},"excerpt":{"rendered":"<p>Ali ARSLANTA\u015e\u00a0 Erzincan Valisi Prof. Dr. Ak\u0131n LEVENT Erzincan Binali Y\u0131ld\u0131r\u0131m \u00dcniversitesi Rekt\u00f6r\u00fc Hatice BAYAR \u00d6ZDEM\u0130R Refahiye Kaymakam\u0131<\/p>\n","protected":false},"author":2,"featured_media":0,"parent":3,"menu_order":0,"comment_status":"closed","ping_status":"closed","template":"","meta":{"_et_pb_use_builder":"","_et_pb_old_content":"","_et_gb_content_width":""},"_links":{"self":[{"href":"https:\/\/refahiyesempozyumu.ebyu.edu.tr\/index.php\/wp-json\/wp\/v2\/pages\/977"}],"collection":[{"href":"https:\/\/refahiyesempozyumu.ebyu.edu.tr\/index.php\/wp-json\/wp\/v2\/pages"}],"about":[{"href":"https:\/\/refahiyesempozyumu.ebyu.edu.tr\/index.php\/wp-json\/wp\/v2\/types\/page"}],"author":[{"embeddable":true,"href":"https:\/\/refahiyesempozyumu.ebyu.edu.tr\/index.php\/wp-json\/wp\/v2\/users\/2"}],"replies":[{"embeddable":true,"href":"https:\/\/refahiyesempozyumu.ebyu.edu.tr\/index.php\/wp-json\/wp\/v2\/comments?post=977"}],"version-history":[{"count":2,"href":"https:\/\/refahiyesempozyumu.ebyu.edu.tr\/index.php\/wp-json\/wp\/v2\/pages\/977\/revisions"}],"predecessor-version":[{"id":979,"href":"https:\/\/refahiyesempozyumu.ebyu.edu.tr\/index.php\/wp-json\/wp\/v2\/pages\/977\/revisions\/979"}],"up":[{"embeddable":true,"href":"https:\/\/refahiyesempozyumu.ebyu.edu.tr\/index.php\/wp-json\/wp\/v2\/pages\/3"}],"wp:attachment":[{"href":"https:\/\/refahiyesempozyumu.ebyu.edu.tr\/index.php\/wp-json\/wp\/v2\/media?parent=977"}],"curies":[{"name":"wp","href":"https:\/\/api.w.org\/{rel}","templated":true}]}}