{"id":807,"date":"2018-12-19T09:27:37","date_gmt":"2018-12-19T06:27:37","guid":{"rendered":"http:\/\/refahiyesempozyumu.ebyu.edu.tr\/?page_id=807"},"modified":"2018-12-20T18:21:46","modified_gmt":"2018-12-20T15:21:46","slug":"yerlesim-haritalari","status":"publish","type":"page","link":"https:\/\/refahiyesempozyumu.ebyu.edu.tr\/index.php\/yerlesim-haritalari\/","title":{"rendered":"Yerle\u015fim Haritalar\u0131"},"content":{"rendered":"<p><strong><a href=\"http:\/\/www.ebyu.edu.tr\/tr\/\" target=\"_blank\" rel=\"noopener\">Erzincan Binali Y\u0131ld\u0131r\u0131m \u00dcniversitesi<\/a><\/strong><\/p>\n<p><a href=\"https:\/\/www.google.com.tr\/maps\/place\/Erzincan+Binali+Y%C4%B1ld%C4%B1r%C4%B1m+%C3%9Cniversitesi+Yaln%C4%B1zba%C4%9F+Yerle%C5%9Fkesi\/@39.8009329,39.3774653,15.25z\/data=!4m8!1m2!2m1!1serzincan+%C3%BCniversitesi!3m4!1s0x0:0xf9c04aca31893d04!8m2!3d39.8037392!4d39.378798?hl=tr\" target=\"_blank\" rel=\"noopener\">Konum<\/a><\/p>\n<p><strong><a href=\"http:\/\/refahiyeshmyo.ebyu.edu.tr\/\" target=\"_blank\" rel=\"noopener\">Refahiye Sa\u011fl\u0131k Hizmetleri M.Y.O.<\/a><\/strong><\/p>\n<p><a href=\"https:\/\/www.google.com.tr\/maps\/place\/Erzincan+%C3%9Cniv.+Refahiye+Myo\/@39.9058514,38.7708913,19z\/data=!4m5!3m4!1s0x407aee4d2dde9bb3:0x4271d35d79722b29!8m2!3d39.90583!4d38.7711641?hl=tr\" target=\"_blank\" rel=\"noopener\">Konum<\/a><\/p>\n<p>&nbsp;<\/p>\n<p>&nbsp;<\/p>\n<p>&nbsp;<\/p>\n<p>&nbsp;<\/p>\n","protected":false},"excerpt":{"rendered":"<p>Erzincan Binali Y\u0131ld\u0131r\u0131m \u00dcniversitesi Konum Refahiye Sa\u011fl\u0131k Hizmetleri M.Y.O. Konum &nbsp; &nbsp; &nbsp; &nbsp;<\/p>\n","protected":false},"author":1,"featured_media":0,"parent":0,"menu_order":0,"comment_status":"closed","ping_status":"closed","template":"","meta":{"_et_pb_use_builder":"off","_et_pb_old_content":"","_et_gb_content_width":""},"_links":{"self":[{"href":"https:\/\/refahiyesempozyumu.ebyu.edu.tr\/index.php\/wp-json\/wp\/v2\/pages\/807"}],"collection":[{"href":"https:\/\/refahiyesempozyumu.ebyu.edu.tr\/index.php\/wp-json\/wp\/v2\/pages"}],"about":[{"href":"https:\/\/refahiyesempozyumu.ebyu.edu.tr\/index.php\/wp-json\/wp\/v2\/types\/page"}],"author":[{"embeddable":true,"href":"https:\/\/refahiyesempozyumu.ebyu.edu.tr\/index.php\/wp-json\/wp\/v2\/users\/1"}],"replies":[{"embeddable":true,"href":"https:\/\/refahiyesempozyumu.ebyu.edu.tr\/index.php\/wp-json\/wp\/v2\/comments?post=807"}],"version-history":[{"count":7,"href":"https:\/\/refahiyesempozyumu.ebyu.edu.tr\/index.php\/wp-json\/wp\/v2\/pages\/807\/revisions"}],"predecessor-version":[{"id":1005,"href":"https:\/\/refahiyesempozyumu.ebyu.edu.tr\/index.php\/wp-json\/wp\/v2\/pages\/807\/revisions\/1005"}],"wp:attachment":[{"href":"https:\/\/refahiyesempozyumu.ebyu.edu.tr\/index.php\/wp-json\/wp\/v2\/media?parent=807"}],"curies":[{"name":"wp","href":"https:\/\/api.w.org\/{rel}","templated":true}]}}