{"id":796,"date":"2018-12-20T15:35:44","date_gmt":"2018-12-20T12:35:44","guid":{"rendered":"http:\/\/refahiyesempozyumu.ebyu.edu.tr\/?page_id=796"},"modified":"2019-02-27T22:22:48","modified_gmt":"2019-02-27T19:22:48","slug":"onemli-tarihler","status":"publish","type":"page","link":"https:\/\/refahiyesempozyumu.ebyu.edu.tr\/index.php\/onemli-tarihler\/","title":{"rendered":"\u00d6nemli Tarihler"},"content":{"rendered":"<h4><strong>Tam Metin Son G\u00f6nderim Tarihi <\/strong><\/h4>\n<h5><strong>25 \u015eubat 2019 Pazartesi<\/strong><\/h5>\n<h4><\/h4>\n<h4><strong>Kabul Edilen Bildirilerin \u0130lan\u0131<\/strong><\/h4>\n<h5><strong>4 Mart 2019 Pazartesi<\/strong><\/h5>\n<h4><\/h4>\n<h4><strong>Kat\u0131l\u0131m Son Kay\u0131t Tarihi<\/strong><\/h4>\n<h5><strong> 8 Mart 2019 Cuma<\/strong><\/h5>\n<h4><\/h4>\n<h4><strong>Kongre Program \u0130lan\u0131 <\/strong><\/h4>\n<h5><strong>11 Mart 2019 Pazartesi<\/strong><\/h5>\n<p>&nbsp;<\/p>\n<p>&nbsp;<\/p>\n","protected":false},"excerpt":{"rendered":"<p>Tam Metin Son G\u00f6nderim Tarihi 25 \u015eubat 2019 Pazartesi Kabul Edilen Bildirilerin \u0130lan\u0131 4 Mart 2019 Pazartesi Kat\u0131l\u0131m Son Kay\u0131t Tarihi 8 Mart 2019 Cuma Kongre Program \u0130lan\u0131 11 Mart 2019 Pazartesi &nbsp; &nbsp;<\/p>\n","protected":false},"author":1,"featured_media":0,"parent":0,"menu_order":0,"comment_status":"closed","ping_status":"closed","template":"","meta":{"_et_pb_use_builder":"","_et_pb_old_content":"","_et_gb_content_width":""},"_links":{"self":[{"href":"https:\/\/refahiyesempozyumu.ebyu.edu.tr\/index.php\/wp-json\/wp\/v2\/pages\/796"}],"collection":[{"href":"https:\/\/refahiyesempozyumu.ebyu.edu.tr\/index.php\/wp-json\/wp\/v2\/pages"}],"about":[{"href":"https:\/\/refahiyesempozyumu.ebyu.edu.tr\/index.php\/wp-json\/wp\/v2\/types\/page"}],"author":[{"embeddable":true,"href":"https:\/\/refahiyesempozyumu.ebyu.edu.tr\/index.php\/wp-json\/wp\/v2\/users\/1"}],"replies":[{"embeddable":true,"href":"https:\/\/refahiyesempozyumu.ebyu.edu.tr\/index.php\/wp-json\/wp\/v2\/comments?post=796"}],"version-history":[{"count":7,"href":"https:\/\/refahiyesempozyumu.ebyu.edu.tr\/index.php\/wp-json\/wp\/v2\/pages\/796\/revisions"}],"predecessor-version":[{"id":1113,"href":"https:\/\/refahiyesempozyumu.ebyu.edu.tr\/index.php\/wp-json\/wp\/v2\/pages\/796\/revisions\/1113"}],"wp:attachment":[{"href":"https:\/\/refahiyesempozyumu.ebyu.edu.tr\/index.php\/wp-json\/wp\/v2\/media?parent=796"}],"curies":[{"name":"wp","href":"https:\/\/api.w.org\/{rel}","templated":true}]}}