{"id":794,"date":"2018-12-19T09:25:27","date_gmt":"2018-12-19T06:25:27","guid":{"rendered":"http:\/\/refahiyesempozyumu.ebyu.edu.tr\/?page_id=794"},"modified":"2018-12-22T02:29:09","modified_gmt":"2018-12-21T23:29:09","slug":"bildiri-tam-metin-gonderimi","status":"publish","type":"page","link":"https:\/\/refahiyesempozyumu.ebyu.edu.tr\/index.php\/bildiri-tam-metin-gonderimi\/","title":{"rendered":"Bildiri Tam Metin G\u00f6nderimi"},"content":{"rendered":"<p><strong>Bildirilerin tam metin olarak en ge\u00e7<span style=\"color: #0000ff;\"> 18 \u015eubat 2019<\/span> tarihine kadar\u00a0<span style=\"color: #0000ff;\">refahiyesempozyumu@gmail.com<\/span>\u00a0adresine g\u00f6nderilmesi gerekmektedir.\u00a0<\/strong><\/p>\n<p><strong>Sempozyumda kat\u0131l\u0131m \u00fccreti al\u0131nmayacakt\u0131r.<\/strong><\/p>\n<p>&nbsp;<\/p>\n","protected":false},"excerpt":{"rendered":"<p>Bildirilerin tam metin olarak en ge\u00e7 18 \u015eubat 2019 tarihine kadar\u00a0refahiyesempozyumu@gmail.com\u00a0adresine g\u00f6nderilmesi gerekmektedir.\u00a0 Sempozyumda kat\u0131l\u0131m \u00fccreti al\u0131nmayacakt\u0131r. &nbsp;<\/p>\n","protected":false},"author":1,"featured_media":0,"parent":0,"menu_order":0,"comment_status":"closed","ping_status":"closed","template":"","meta":{"_et_pb_use_builder":"","_et_pb_old_content":"","_et_gb_content_width":""},"_links":{"self":[{"href":"https:\/\/refahiyesempozyumu.ebyu.edu.tr\/index.php\/wp-json\/wp\/v2\/pages\/794"}],"collection":[{"href":"https:\/\/refahiyesempozyumu.ebyu.edu.tr\/index.php\/wp-json\/wp\/v2\/pages"}],"about":[{"href":"https:\/\/refahiyesempozyumu.ebyu.edu.tr\/index.php\/wp-json\/wp\/v2\/types\/page"}],"author":[{"embeddable":true,"href":"https:\/\/refahiyesempozyumu.ebyu.edu.tr\/index.php\/wp-json\/wp\/v2\/users\/1"}],"replies":[{"embeddable":true,"href":"https:\/\/refahiyesempozyumu.ebyu.edu.tr\/index.php\/wp-json\/wp\/v2\/comments?post=794"}],"version-history":[{"count":4,"href":"https:\/\/refahiyesempozyumu.ebyu.edu.tr\/index.php\/wp-json\/wp\/v2\/pages\/794\/revisions"}],"predecessor-version":[{"id":1016,"href":"https:\/\/refahiyesempozyumu.ebyu.edu.tr\/index.php\/wp-json\/wp\/v2\/pages\/794\/revisions\/1016"}],"wp:attachment":[{"href":"https:\/\/refahiyesempozyumu.ebyu.edu.tr\/index.php\/wp-json\/wp\/v2\/media?parent=794"}],"curies":[{"name":"wp","href":"https:\/\/api.w.org\/{rel}","templated":true}]}}