{"id":792,"date":"2019-03-08T20:56:19","date_gmt":"2019-03-08T17:56:19","guid":{"rendered":"http:\/\/refahiyesempozyumu.ebyu.edu.tr\/?page_id=792"},"modified":"2019-06-24T14:49:19","modified_gmt":"2019-06-24T11:49:19","slug":"anasayfa","status":"publish","type":"page","link":"https:\/\/refahiyesempozyumu.ebyu.edu.tr\/","title":{"rendered":"Anasayfa"},"content":{"rendered":"<p>[et_pb_section fb_built=&#8221;1&#8243; fullwidth=&#8221;on&#8221; _builder_version=&#8221;3.22.3&#8243;][et_pb_fullwidth_post_slider posts_number=&#8221;4&#8243; include_categories=&#8221;3&#8243; show_more_button=&#8221;off&#8221; use_manual_excerpt=&#8221;off&#8221; excerpt_length=&#8221;0&#8243; show_meta=&#8221;off&#8221; use_text_overlay=&#8221;off&#8221; admin_label=&#8221;Anasayfa Slayt&#8221; _builder_version=&#8221;3.18.9&#8243; header_text_shadow_style=&#8221;preset2&#8243; animation_style=&#8221;slide&#8221; animation_speed_curve=&#8221;ease&#8221; text_shadow_style=&#8221;preset2&#8243;][\/et_pb_fullwidth_post_slider][\/et_pb_section][et_pb_section fb_built=&#8221;1&#8243; _builder_version=&#8221;3.22.3&#8243;][et_pb_row column_structure=&#8221;3_5,2_5&#8243; _builder_version=&#8221;3.25&#8243; background_size=&#8221;initial&#8221; background_position=&#8221;top_left&#8221; background_repeat=&#8221;repeat&#8221;][et_pb_column type=&#8221;3_5&#8243; _builder_version=&#8221;3.25&#8243; custom_padding=&#8221;|||&#8221; custom_padding__hover=&#8221;|||&#8221;][et_pb_text _builder_version=&#8221;3.18.9&#8243; text_font=&#8221;|600|||||||&#8221; text_letter_spacing=&#8221;2px&#8221; text_orientation=&#8221;justified&#8221;]<\/p>\n<p><strong><span style=\"color: #ff0000;\">SEMPOZYUM PROGRAMI<\/span><\/strong> <a href=\"http:\/\/refahiyesempozyumu.ebyu.edu.tr\/wp-content\/uploads\/2019\/03\/RAS-SEMPOZYUM-PROGRAMI-1.pdf\" target=\"_blank\" rel=\"noopener noreferrer\">t\u0131klay\u0131n\u0131z<\/a><\/p>\n<p><span style=\"color: #800000;\"><strong>Sempozyuma Erzincan&#8217;dan kat\u0131lacaklar i\u00e7in EBY\u00dc T\u00d6MER (Eski Sanat Galerisi) \u00f6n\u00fcnden saat 08.20&#8217;de otob\u00fcs kald\u0131r\u0131lacakt\u0131r.<\/strong><\/span><\/p>\n<p>\u00a0<\/p>\n<p><strong><span style=\"color: #ff0000;\">KABUL ED\u0130LEN B\u0130LD\u0130R\u0130LER<\/span><a href=\"http:\/\/refahiyesempozyumu.ebyu.edu.tr\/wp-content\/uploads\/2019\/03\/KABUL-ED\u0130LEN-B\u0130LD\u0130R\u0130LER-L\u0130STES\u0130.pdf\" target=\"_blank\" rel=\"noopener noreferrer\"> t\u0131klay\u0131n\u0131z<\/a><\/strong><\/p>\n<p>\u00a0<\/p>\n<p><strong><span style=\"color: red;\">Sempozyum Kayd\u0131<\/span><\/strong><\/p>\n<p>Sempozyuma kay\u0131t yap\u0131labilmesi i\u00e7in kay\u0131t formunun bilgisayar ortam\u0131nda doldurularak <strong>refahiyesempozyumu@gmail.com<\/strong> adresine g\u00f6nderilmesi gerekmektedir.<\/p>\n<p>Sempozyum kay\u0131t formu i\u00e7in <a href=\"http:\/\/refahiyesempozyumu.ebyu.edu.tr\/wp-content\/uploads\/2019\/02\/REFAH\u0130YE-ARA\u015eTIRMALARI-SEMPOZYUMU-KAYIT-FORMU.docx\" target=\"_blank\" rel=\"noopener noreferrer\">t\u0131klay\u0131n\u0131z<\/a><\/p>\n<p>\u00a0<\/p>\n<p><img class=\"aligncenter\" src=\"http:\/\/refahiyesempozyumu.ebyu.edu.tr\/wp-content\/uploads\/2019\/02\/LOGOLAR.png\" \/><\/p>\n<p>[\/et_pb_text][\/et_pb_column][et_pb_column type=&#8221;2_5&#8243; _builder_version=&#8221;3.25&#8243; custom_padding=&#8221;|||&#8221; custom_padding__hover=&#8221;|||&#8221;][et_pb_image src=&#8221;http:\/\/refahiyesempozyumu.ebyu.edu.tr\/wp-content\/uploads\/2019\/02\/Afi\u015f-1.jpeg&#8221; align_tablet=&#8221;center&#8221; align_last_edited=&#8221;on|desktop&#8221; admin_label=&#8221;AF\u0130\u015e&#8221; _builder_version=&#8221;3.23&#8243;][\/et_pb_image][\/et_pb_column][\/et_pb_row][\/et_pb_section]<\/p>\n","protected":false},"excerpt":{"rendered":"<p>[et_pb_section fb_built=&#8221;1&#8243; fullwidth=&#8221;on&#8221; _builder_version=&#8221;3.22.3&#8243;][et_pb_fullwidth_post_slider posts_number=&#8221;4&#8243; include_categories=&#8221;3&#8243; show_more_button=&#8221;off&#8221; use_manual_excerpt=&#8221;off&#8221; excerpt_length=&#8221;0&#8243; show_meta=&#8221;off&#8221; use_text_overlay=&#8221;off&#8221; admin_label=&#8221;Anasayfa Slayt&#8221; _builder_version=&#8221;3.18.9&#8243; header_text_shadow_style=&#8221;preset2&#8243; animation_style=&#8221;slide&#8221; animation_speed_curve=&#8221;ease&#8221; text_shadow_style=&#8221;preset2&#8243;][\/et_pb_fullwidth_post_slider][\/et_pb_section][et_pb_section fb_built=&#8221;1&#8243; _builder_version=&#8221;3.22.3&#8243;][et_pb_row column_structure=&#8221;3_5,2_5&#8243; _builder_version=&#8221;3.25&#8243; background_size=&#8221;initial&#8221; background_position=&#8221;top_left&#8221; background_repeat=&#8221;repeat&#8221;][et_pb_column type=&#8221;3_5&#8243; _builder_version=&#8221;3.25&#8243; custom_padding=&#8221;|||&#8221; custom_padding__hover=&#8221;|||&#8221;][et_pb_text _builder_version=&#8221;3.18.9&#8243; text_font=&#8221;|600|||||||&#8221; text_letter_spacing=&#8221;2px&#8221; text_orientation=&#8221;justified&#8221;] SEMPOZYUM PROGRAMI t\u0131klay\u0131n\u0131z Sempozyuma Erzincan&#8217;dan kat\u0131lacaklar i\u00e7in EBY\u00dc T\u00d6MER (Eski Sanat Galerisi) \u00f6n\u00fcnden saat 08.20&#8217;de otob\u00fcs kald\u0131r\u0131lacakt\u0131r. \u00a0 KABUL ED\u0130LEN B\u0130LD\u0130R\u0130LER t\u0131klay\u0131n\u0131z [&hellip;]<\/p>\n","protected":false},"author":1,"featured_media":0,"parent":0,"menu_order":0,"comment_status":"closed","ping_status":"closed","template":"","meta":{"_et_pb_use_builder":"on","_et_pb_old_content":"","_et_gb_content_width":""},"_links":{"self":[{"href":"https:\/\/refahiyesempozyumu.ebyu.edu.tr\/index.php\/wp-json\/wp\/v2\/pages\/792"}],"collection":[{"href":"https:\/\/refahiyesempozyumu.ebyu.edu.tr\/index.php\/wp-json\/wp\/v2\/pages"}],"about":[{"href":"https:\/\/refahiyesempozyumu.ebyu.edu.tr\/index.php\/wp-json\/wp\/v2\/types\/page"}],"author":[{"embeddable":true,"href":"https:\/\/refahiyesempozyumu.ebyu.edu.tr\/index.php\/wp-json\/wp\/v2\/users\/1"}],"replies":[{"embeddable":true,"href":"https:\/\/refahiyesempozyumu.ebyu.edu.tr\/index.php\/wp-json\/wp\/v2\/comments?post=792"}],"version-history":[{"count":27,"href":"https:\/\/refahiyesempozyumu.ebyu.edu.tr\/index.php\/wp-json\/wp\/v2\/pages\/792\/revisions"}],"predecessor-version":[{"id":1190,"href":"https:\/\/refahiyesempozyumu.ebyu.edu.tr\/index.php\/wp-json\/wp\/v2\/pages\/792\/revisions\/1190"}],"wp:attachment":[{"href":"https:\/\/refahiyesempozyumu.ebyu.edu.tr\/index.php\/wp-json\/wp\/v2\/media?parent=792"}],"curies":[{"name":"wp","href":"https:\/\/api.w.org\/{rel}","templated":true}]}}