{"id":235,"date":"2018-12-19T19:11:10","date_gmt":"2018-12-19T16:11:10","guid":{"rendered":"http:\/\/elegantthemes.com\/preview\/DeepFocus\/?page_id=235"},"modified":"2018-12-19T19:12:12","modified_gmt":"2018-12-19T16:12:12","slug":"what-i-do","status":"publish","type":"page","link":"https:\/\/refahiyesempozyumu.ebyu.edu.tr\/index.php\/what-i-do\/","title":{"rendered":"Sekreterya"},"content":{"rendered":"<h4><a href=\"http:\/\/aves.erzincan.edu.tr\/osakal\/\" target=\"_blank\" rel=\"noopener\">\u00d6\u011fr. G\u00f6r. \u00d6nder SAKAL<\/a><\/h4>\n<h4>0533 464 5324<\/h4>\n<h4><a href=\"http:\/\/aves.erzincan.edu.tr\/muharrem.uslu\/\" target=\"_blank\" rel=\"noopener\">\u00d6\u011fr. G\u00f6r. Muharrem USLU<\/a><\/h4>\n<h4>0506 889 5237<\/h4>\n<h4><a href=\"http:\/\/aves.erzincan.edu.tr\/fbahadir\/\" target=\"_blank\" rel=\"noopener\">\u00d6\u011fr. G\u00f6r. Ferdi BAHADIR<\/a><\/h4>\n<h4>0553 537 9692<\/h4>\n","protected":false},"excerpt":{"rendered":"<p>\u00d6\u011fr. G\u00f6r. \u00d6nder SAKAL 0533 464 5324 \u00d6\u011fr. G\u00f6r. Muharrem USLU 0506 889 5237 \u00d6\u011fr. G\u00f6r. Ferdi BAHADIR 0553 537 9692<\/p>\n","protected":false},"author":1,"featured_media":0,"parent":0,"menu_order":0,"comment_status":"open","ping_status":"open","template":"","meta":{"_et_pb_use_builder":"","_et_pb_old_content":"","_et_gb_content_width":""},"_links":{"self":[{"href":"https:\/\/refahiyesempozyumu.ebyu.edu.tr\/index.php\/wp-json\/wp\/v2\/pages\/235"}],"collection":[{"href":"https:\/\/refahiyesempozyumu.ebyu.edu.tr\/index.php\/wp-json\/wp\/v2\/pages"}],"about":[{"href":"https:\/\/refahiyesempozyumu.ebyu.edu.tr\/index.php\/wp-json\/wp\/v2\/types\/page"}],"author":[{"embeddable":true,"href":"https:\/\/refahiyesempozyumu.ebyu.edu.tr\/index.php\/wp-json\/wp\/v2\/users\/1"}],"replies":[{"embeddable":true,"href":"https:\/\/refahiyesempozyumu.ebyu.edu.tr\/index.php\/wp-json\/wp\/v2\/comments?post=235"}],"version-history":[{"count":3,"href":"https:\/\/refahiyesempozyumu.ebyu.edu.tr\/index.php\/wp-json\/wp\/v2\/pages\/235\/revisions"}],"predecessor-version":[{"id":961,"href":"https:\/\/refahiyesempozyumu.ebyu.edu.tr\/index.php\/wp-json\/wp\/v2\/pages\/235\/revisions\/961"}],"wp:attachment":[{"href":"https:\/\/refahiyesempozyumu.ebyu.edu.tr\/index.php\/wp-json\/wp\/v2\/media?parent=235"}],"curies":[{"name":"wp","href":"https:\/\/api.w.org\/{rel}","templated":true}]}}