{"id":2,"date":"2018-12-18T10:10:57","date_gmt":"2018-12-18T07:10:57","guid":{"rendered":"http:\/\/refahiyesempozyumu.ebyu.edu.tr\/?page_id=2"},"modified":"2019-02-14T15:09:00","modified_gmt":"2019-02-14T12:09:00","slug":"ornek-sayfa","status":"publish","type":"page","link":"https:\/\/refahiyesempozyumu.ebyu.edu.tr\/index.php\/ornek-sayfa\/","title":{"rendered":"D\u00fczenleme Kurulu"},"content":{"rendered":"<p><a href=\"http:\/\/akademik.yok.gov.tr\/AkademikArama\/AkademisyenGorevOgrenimBilgileri?islem=direct&amp;authorId=632D792137DC0621\" target=\"_blank\" rel=\"noopener\"><strong>Do\u00e7. Dr. Fevzi Serkan \u00d6ZDEM\u0130R<\/strong><\/a><\/p>\n<p>Refahiye Kent Haf\u0131zas\u0131 Projesi ve Sempozyum Koordinat\u00f6r\u00fc<\/p>\n<p>T\u00fcrkiye B\u00fcy\u00fck Millet Meclisi<\/p>\n<p><strong><a href=\"http:\/\/aves.erzincan.edu.tr\/orhantaskesen\/\" target=\"_blank\" rel=\"noopener\">Do\u00e7. Dr. Orhan TA\u015eKESEN<\/a><\/strong><\/p>\n<p>Sempozyum D\u00fczenleme Kurulu Ba\u015fkan\u0131<\/p>\n<p>Erzincan Binali Y\u0131ld\u0131r\u0131m \u00dcniversitesi<\/p>\n<p><strong><a href=\"http:\/\/aves.erzincan.edu.tr\/osakal\/\" target=\"_blank\" rel=\"noopener\">\u00d6\u011fr. G\u00f6r. \u00d6nder SAKAL<\/a><\/strong><\/p>\n<p>Erzincan Binali Y\u0131ld\u0131r\u0131m \u00dcniversitesi<\/p>\n<p><strong><a href=\"http:\/\/www.refahiye.gov.tr\/genclik-ve-spor-mudurulugu\" target=\"_blank\" rel=\"noopener\">B\u00fclent METE<\/a><\/strong><\/p>\n<p>Refahiye Gen\u00e7lik ve Spor \u0130l\u00e7e M\u00fcd\u00fcr\u00fc<\/p>\n<p><strong><a href=\"http:\/\/refahiye.meb.gov.tr\/www\/yucel-kaplanoglu\/idari_personel\/18\" target=\"_blank\" rel=\"noopener\">Y\u00fccel KAPLANO\u011eLU<\/a><\/strong><\/p>\n<p>Refahiye Milli E\u011fitim \u0130l\u00e7e M\u00fcd\u00fcr\u00fc<\/p>\n<p>&nbsp;<\/p>\n","protected":false},"excerpt":{"rendered":"<p>Do\u00e7. Dr. Fevzi Serkan \u00d6ZDEM\u0130R Refahiye Kent Haf\u0131zas\u0131 Projesi ve Sempozyum Koordinat\u00f6r\u00fc T\u00fcrkiye B\u00fcy\u00fck Millet Meclisi Do\u00e7. Dr. Orhan TA\u015eKESEN Sempozyum D\u00fczenleme Kurulu Ba\u015fkan\u0131 Erzincan Binali Y\u0131ld\u0131r\u0131m \u00dcniversitesi \u00d6\u011fr. G\u00f6r. \u00d6nder SAKAL Erzincan Binali Y\u0131ld\u0131r\u0131m \u00dcniversitesi B\u00fclent METE Refahiye Gen\u00e7lik ve Spor \u0130l\u00e7e M\u00fcd\u00fcr\u00fc Y\u00fccel KAPLANO\u011eLU Refahiye Milli E\u011fitim \u0130l\u00e7e M\u00fcd\u00fcr\u00fc &nbsp;<\/p>\n","protected":false},"author":1,"featured_media":0,"parent":0,"menu_order":0,"comment_status":"closed","ping_status":"open","template":"","meta":{"_et_pb_use_builder":"","_et_pb_old_content":"","_et_gb_content_width":""},"_links":{"self":[{"href":"https:\/\/refahiyesempozyumu.ebyu.edu.tr\/index.php\/wp-json\/wp\/v2\/pages\/2"}],"collection":[{"href":"https:\/\/refahiyesempozyumu.ebyu.edu.tr\/index.php\/wp-json\/wp\/v2\/pages"}],"about":[{"href":"https:\/\/refahiyesempozyumu.ebyu.edu.tr\/index.php\/wp-json\/wp\/v2\/types\/page"}],"author":[{"embeddable":true,"href":"https:\/\/refahiyesempozyumu.ebyu.edu.tr\/index.php\/wp-json\/wp\/v2\/users\/1"}],"replies":[{"embeddable":true,"href":"https:\/\/refahiyesempozyumu.ebyu.edu.tr\/index.php\/wp-json\/wp\/v2\/comments?post=2"}],"version-history":[{"count":7,"href":"https:\/\/refahiyesempozyumu.ebyu.edu.tr\/index.php\/wp-json\/wp\/v2\/pages\/2\/revisions"}],"predecessor-version":[{"id":1089,"href":"https:\/\/refahiyesempozyumu.ebyu.edu.tr\/index.php\/wp-json\/wp\/v2\/pages\/2\/revisions\/1089"}],"wp:attachment":[{"href":"https:\/\/refahiyesempozyumu.ebyu.edu.tr\/index.php\/wp-json\/wp\/v2\/media?parent=2"}],"curies":[{"name":"wp","href":"https:\/\/api.w.org\/{rel}","templated":true}]}}