{"id":164,"date":"2010-09-15T08:02:28","date_gmt":"2010-09-15T08:02:28","guid":{"rendered":"http:\/\/elegantthemes.com\/preview\/DeepFocus\/?page_id=164"},"modified":"2018-12-29T16:35:53","modified_gmt":"2018-12-29T13:35:53","slug":"full-width","status":"publish","type":"page","link":"https:\/\/refahiyesempozyumu.ebyu.edu.tr\/index.php\/full-width\/","title":{"rendered":"Sempozyum Konular\u0131"},"content":{"rendered":"<p><strong>Sempozyuma, Refahiye temal\u0131 her alanda bilimsel \u00e7al\u0131\u015fma g\u00f6nderilebilir. <\/strong><\/p>\n<p><strong>T\u00fcm \u00e7al\u0131\u015fmalar bilim kurulu taraf\u0131ndan de\u011ferlendirilerek alan\/konu s\u0131n\u0131fland\u0131rmas\u0131 yap\u0131lacakt\u0131r.<\/strong><\/p>\n<p><strong>\u00d6RNEK KONULAR<\/strong><\/p>\n<p>Arkeoloji<\/p>\n<p>Biyo\u00e7e\u015fitlilik<\/p>\n<p>Co\u011frafya<\/p>\n<p>\u00c7evre<\/p>\n<p>Deprem<\/p>\n<p>Dil ve edebiyat<\/p>\n<p>Dini ve k\u00fclt\u00fcrel hayat<\/p>\n<p>Do\u011fal zenginlikler-kaynaklar<\/p>\n<p>E\u011fitim<\/p>\n<p>Ekonomi<\/p>\n<p>El sanatlar\u0131<\/p>\n<p>Folklor<\/p>\n<p>G\u00fcncel sorunlar<\/p>\n<p>G\u00fczel sanatlar<\/p>\n<p>K\u00fclt\u00fcr-sanat<\/p>\n<p>Madencilik<\/p>\n<p>M\u00fchendislik<\/p>\n<p>\u00d6nemli \u015fahsiyetler<\/p>\n<p>Sa\u011fl\u0131k<\/p>\n<p>Sanat tarihi<\/p>\n<p>Spor<\/p>\n<p>\u015eehir ve mimari<\/p>\n<p>Tar\u0131m ve hayvanc\u0131l\u0131k<\/p>\n<p>Tarih<\/p>\n<p>Toplumsal yap\u0131 ve demografi<\/p>\n<p>Turizm<\/p>\n","protected":false},"excerpt":{"rendered":"<p>Sempozyuma, Refahiye temal\u0131 her alanda bilimsel \u00e7al\u0131\u015fma g\u00f6nderilebilir. T\u00fcm \u00e7al\u0131\u015fmalar bilim kurulu taraf\u0131ndan de\u011ferlendirilerek alan\/konu s\u0131n\u0131fland\u0131rmas\u0131 yap\u0131lacakt\u0131r. \u00d6RNEK KONULAR Arkeoloji Biyo\u00e7e\u015fitlilik Co\u011frafya \u00c7evre Deprem Dil ve edebiyat Dini ve k\u00fclt\u00fcrel hayat Do\u011fal zenginlikler-kaynaklar E\u011fitim Ekonomi El sanatlar\u0131 Folklor G\u00fcncel sorunlar G\u00fczel sanatlar K\u00fclt\u00fcr-sanat Madencilik M\u00fchendislik \u00d6nemli \u015fahsiyetler Sa\u011fl\u0131k Sanat tarihi Spor \u015eehir ve mimari Tar\u0131m [&hellip;]<\/p>\n","protected":false},"author":1,"featured_media":0,"parent":0,"menu_order":0,"comment_status":"open","ping_status":"closed","template":"","meta":{"_et_pb_use_builder":"","_et_pb_old_content":"","_et_gb_content_width":""},"_links":{"self":[{"href":"https:\/\/refahiyesempozyumu.ebyu.edu.tr\/index.php\/wp-json\/wp\/v2\/pages\/164"}],"collection":[{"href":"https:\/\/refahiyesempozyumu.ebyu.edu.tr\/index.php\/wp-json\/wp\/v2\/pages"}],"about":[{"href":"https:\/\/refahiyesempozyumu.ebyu.edu.tr\/index.php\/wp-json\/wp\/v2\/types\/page"}],"author":[{"embeddable":true,"href":"https:\/\/refahiyesempozyumu.ebyu.edu.tr\/index.php\/wp-json\/wp\/v2\/users\/1"}],"replies":[{"embeddable":true,"href":"https:\/\/refahiyesempozyumu.ebyu.edu.tr\/index.php\/wp-json\/wp\/v2\/comments?post=164"}],"version-history":[{"count":4,"href":"https:\/\/refahiyesempozyumu.ebyu.edu.tr\/index.php\/wp-json\/wp\/v2\/pages\/164\/revisions"}],"predecessor-version":[{"id":1060,"href":"https:\/\/refahiyesempozyumu.ebyu.edu.tr\/index.php\/wp-json\/wp\/v2\/pages\/164\/revisions\/1060"}],"wp:attachment":[{"href":"https:\/\/refahiyesempozyumu.ebyu.edu.tr\/index.php\/wp-json\/wp\/v2\/media?parent=164"}],"curies":[{"name":"wp","href":"https:\/\/api.w.org\/{rel}","templated":true}]}}