{"id":1159,"date":"2019-03-04T21:42:55","date_gmt":"2019-03-04T18:42:55","guid":{"rendered":"http:\/\/refahiyesempozyumu.ebyu.edu.tr\/?page_id=1159"},"modified":"2019-03-04T21:44:06","modified_gmt":"2019-03-04T18:44:06","slug":"kabul-edilen-bildiriler","status":"publish","type":"page","link":"https:\/\/refahiyesempozyumu.ebyu.edu.tr\/index.php\/kabul-edilen-bildiriler\/","title":{"rendered":"Kabul Edilen Bildiriler"},"content":{"rendered":"<p><a href=\"http:\/\/refahiyesempozyumu.ebyu.edu.tr\/wp-content\/uploads\/2019\/03\/KABUL-ED\u0130LEN-B\u0130LD\u0130R\u0130LER-L\u0130STES\u0130.pdf\">KABUL ED\u0130LEN B\u0130LD\u0130R\u0130LER L\u0130STES\u0130<\/a><\/p>\n","protected":false},"excerpt":{"rendered":"<p>KABUL ED\u0130LEN B\u0130LD\u0130R\u0130LER L\u0130STES\u0130<\/p>\n","protected":false},"author":2,"featured_media":0,"parent":0,"menu_order":0,"comment_status":"closed","ping_status":"closed","template":"","meta":{"_et_pb_use_builder":"","_et_pb_old_content":"","_et_gb_content_width":""},"_links":{"self":[{"href":"https:\/\/refahiyesempozyumu.ebyu.edu.tr\/index.php\/wp-json\/wp\/v2\/pages\/1159"}],"collection":[{"href":"https:\/\/refahiyesempozyumu.ebyu.edu.tr\/index.php\/wp-json\/wp\/v2\/pages"}],"about":[{"href":"https:\/\/refahiyesempozyumu.ebyu.edu.tr\/index.php\/wp-json\/wp\/v2\/types\/page"}],"author":[{"embeddable":true,"href":"https:\/\/refahiyesempozyumu.ebyu.edu.tr\/index.php\/wp-json\/wp\/v2\/users\/2"}],"replies":[{"embeddable":true,"href":"https:\/\/refahiyesempozyumu.ebyu.edu.tr\/index.php\/wp-json\/wp\/v2\/comments?post=1159"}],"version-history":[{"count":2,"href":"https:\/\/refahiyesempozyumu.ebyu.edu.tr\/index.php\/wp-json\/wp\/v2\/pages\/1159\/revisions"}],"predecessor-version":[{"id":1163,"href":"https:\/\/refahiyesempozyumu.ebyu.edu.tr\/index.php\/wp-json\/wp\/v2\/pages\/1159\/revisions\/1163"}],"wp:attachment":[{"href":"https:\/\/refahiyesempozyumu.ebyu.edu.tr\/index.php\/wp-json\/wp\/v2\/media?parent=1159"}],"curies":[{"name":"wp","href":"https:\/\/api.w.org\/{rel}","templated":true}]}}