{"id":1124,"date":"2019-02-28T12:10:09","date_gmt":"2019-02-28T09:10:09","guid":{"rendered":"http:\/\/refahiyesempozyumu.ebyu.edu.tr\/?page_id=1124"},"modified":"2019-02-28T15:36:51","modified_gmt":"2019-02-28T12:36:51","slug":"onur-konuklarimiz","status":"publish","type":"page","link":"https:\/\/refahiyesempozyumu.ebyu.edu.tr\/index.php\/onur-konuklarimiz\/","title":{"rendered":"Onur Konuklar\u0131m\u0131z"},"content":{"rendered":"<p><img loading=\"lazy\" class=\"wp-image-1134 aligncenter\" src=\"http:\/\/refahiyesempozyumu.ebyu.edu.tr\/wp-content\/uploads\/2019\/02\/eneryagaz-gaz-dagitimi-ve-refahiye-meslek-yuksekokulu-temel-atma-toreni_8e327dc-1.jpg\" alt=\"\" width=\"715\" height=\"533\" \/><\/p>\n<h4><\/h4>\n<h4 style=\"text-align: center;\"><strong>Binali YILDIRIM<\/strong><\/h4>\n<h4 style=\"text-align: center;\">T\u00fcrkiye Cumhuriyeti Eski Ba\u015fbakan\u0131 ve TBMM Eski Ba\u015fkan\u0131<\/h4>\n<h4 style=\"text-align: center;\">(Tensipleri Halinde)<\/h4>\n<p>&nbsp;<\/p>\n<h4><\/h4>\n<h4><\/h4>\n<h4 style=\"text-align: center;\"><img loading=\"lazy\" class=\"alignnone wp-image-1132\" src=\"http:\/\/refahiyesempozyumu.ebyu.edu.tr\/wp-content\/uploads\/2019\/02\/3_48.jpg\" alt=\"\" width=\"606\" height=\"404\" \/><\/h4>\n<h4 style=\"text-align: center;\"><span style=\"color: #000000;\"><strong>Prof. Dr. Ahmet Haluk DURSUN<\/strong><\/span><\/h4>\n<h4 style=\"text-align: center;\">K\u00fclt\u00fcr ve Turizm Bakan Yard\u0131mc\u0131s\u0131<\/h4>\n","protected":false},"excerpt":{"rendered":"<p>Binali YILDIRIM T\u00fcrkiye Cumhuriyeti Eski Ba\u015fbakan\u0131 ve TBMM Eski Ba\u015fkan\u0131 (Tensipleri Halinde) &nbsp; Prof. Dr. Ahmet Haluk DURSUN K\u00fclt\u00fcr ve Turizm Bakan Yard\u0131mc\u0131s\u0131<\/p>\n","protected":false},"author":2,"featured_media":0,"parent":0,"menu_order":0,"comment_status":"closed","ping_status":"closed","template":"","meta":{"_et_pb_use_builder":"","_et_pb_old_content":"","_et_gb_content_width":""},"_links":{"self":[{"href":"https:\/\/refahiyesempozyumu.ebyu.edu.tr\/index.php\/wp-json\/wp\/v2\/pages\/1124"}],"collection":[{"href":"https:\/\/refahiyesempozyumu.ebyu.edu.tr\/index.php\/wp-json\/wp\/v2\/pages"}],"about":[{"href":"https:\/\/refahiyesempozyumu.ebyu.edu.tr\/index.php\/wp-json\/wp\/v2\/types\/page"}],"author":[{"embeddable":true,"href":"https:\/\/refahiyesempozyumu.ebyu.edu.tr\/index.php\/wp-json\/wp\/v2\/users\/2"}],"replies":[{"embeddable":true,"href":"https:\/\/refahiyesempozyumu.ebyu.edu.tr\/index.php\/wp-json\/wp\/v2\/comments?post=1124"}],"version-history":[{"count":8,"href":"https:\/\/refahiyesempozyumu.ebyu.edu.tr\/index.php\/wp-json\/wp\/v2\/pages\/1124\/revisions"}],"predecessor-version":[{"id":1137,"href":"https:\/\/refahiyesempozyumu.ebyu.edu.tr\/index.php\/wp-json\/wp\/v2\/pages\/1124\/revisions\/1137"}],"wp:attachment":[{"href":"https:\/\/refahiyesempozyumu.ebyu.edu.tr\/index.php\/wp-json\/wp\/v2\/media?parent=1124"}],"curies":[{"name":"wp","href":"https:\/\/api.w.org\/{rel}","templated":true}]}}